{"id":25,"date":"2022-11-08T08:22:05","date_gmt":"2022-11-08T08:22:05","guid":{"rendered":"https:\/\/piesecentrale.md\/?page_id=25"},"modified":"2023-09-14T10:22:05","modified_gmt":"2023-09-14T08:22:05","slug":"plata-si-livrare","status":"publish","type":"page","link":"https:\/\/piesecentrale.md\/ru\/plata-si-livrare\/","title":{"rendered":"Plat\u0103 \u0219i livrare"},"content":{"rendered":"<div data-elementor-type=\"wp-page\" data-elementor-id=\"25\" class=\"elementor elementor-25\">\n\t\t\t\t\t\t\t\t\t<section class=\"elementor-section elementor-top-section elementor-element elementor-element-0d4f881 elementor-section-boxed elementor-section-height-default elementor-section-height-default wd-section-disabled\" data-id=\"0d4f881\" data-element_type=\"section\">\n\t\t\t\t\t\t<div class=\"elementor-container elementor-column-gap-default\">\n\t\t\t\t\t<div class=\"elementor-column elementor-col-100 elementor-top-column elementor-element elementor-element-ee16e22\" data-id=\"ee16e22\" data-element_type=\"column\">\n\t\t\t<div class=\"elementor-widget-wrap elementor-element-populated\">\n\t\t\t\t\t\t\t\t<div class=\"elementor-element elementor-element-14fcde5 elementor-widget elementor-widget-wd_title\" data-id=\"14fcde5\" data-element_type=\"widget\" data-widget_type=\"wd_title.default\">\n\t\t\t\t<div class=\"elementor-widget-container\">\n\t\t\t\t\t<div class=\"title-wrapper set-mb-s reset-last-child wd-title-color-primary wd-title-style-underlined wd-title-size-default text-left\">\n\n\t\t\t\n\t\t\t<div class=\"liner-continer\">\n\t\t\t\t<h4 class=\"woodmart-title-container title wd-fontsize-l\">Achitarea<\/h4> \n\t\t\t\t\t\t\t<\/div>\n\n\t\t\t\t\t\t\t<div class=\"title-after_title set-cont-mb-s reset-last-child wd-fontsize-xs\">\n\t\t\t\t\t<p>Alege produsul dorit, adaug\u0103-l \u00een co\u0219, apoi alege modalitatea de plat\u0103: achitare cu card bancar, \u00een numerar sau la primirea comenzii. Plata se va efectua \u00een numerar, curierului, \u00een momentul livr\u0103rii, \u00een lei moldovene\u0219ti, conform pre\u021bului indicat pe site. \u00cen avans, cu card bancar. Plata se va efectua cu cardul bancar de tip Visa sau MasterCard. Indiferent de valuta cardului, opera\u021biunile se vor efectua \u00een lei moldovene\u0219ti, conform cursului valutar al b\u0103ncii.<\/p>\t\t\t\t<\/div>\n\t\t\t\t\t<\/div>\n\t\t\t\t<\/div>\n\t\t\t\t<\/div>\n\t\t\t\t\t<\/div>\n\t\t<\/div>\n\t\t\t\t\t\t\t<\/div>\n\t\t<\/section>\n\t\t\t\t<section class=\"elementor-section elementor-top-section elementor-element elementor-element-d9e407e elementor-section-boxed elementor-section-height-default elementor-section-height-default wd-section-disabled\" data-id=\"d9e407e\" data-element_type=\"section\">\n\t\t\t\t\t\t<div class=\"elementor-container elementor-column-gap-default\">\n\t\t\t\t\t<div class=\"elementor-column elementor-col-100 elementor-top-column elementor-element elementor-element-424fb94\" data-id=\"424fb94\" data-element_type=\"column\">\n\t\t\t<div class=\"elementor-widget-wrap elementor-element-populated\">\n\t\t\t\t\t\t\t\t<div class=\"elementor-element elementor-element-6ed55fe elementor-widget__width-initial elementor-widget elementor-widget-wd_title\" data-id=\"6ed55fe\" data-element_type=\"widget\" data-widget_type=\"wd_title.default\">\n\t\t\t\t<div class=\"elementor-widget-container\">\n\t\t\t\t\t<div class=\"title-wrapper set-mb-s reset-last-child wd-title-color-primary wd-title-style-underlined wd-title-size-default text-left\">\n\n\t\t\t\n\t\t\t<div class=\"liner-continer\">\n\t\t\t\t<h4 class=\"woodmart-title-container title wd-fontsize-l\">Livrarea<\/h4> \n\t\t\t\t\t\t\t<\/div>\n\n\t\t\t\t\t\t\t<div class=\"title-after_title set-cont-mb-s reset-last-child wd-fontsize-xs\">\n\t\t\t\t\t<p><strong>Livrarea \u00een Chi\u0219in\u0103u<\/strong><\/p><p>Marfa se ridica de la officiu sau depozitul central pe adresa:<br \/>\n<br>Officiu: str. Gh. Asachi 19B  <\/p>Depozitul central: str. Sarmezegetusa 48\/9<br><br><p>&nbsp;<\/p>\t\t\t\t<\/div>\n\t\t\t\t\t<\/div>\n\t\t\t\t<\/div>\n\t\t\t\t<\/div>\n\t\t\t\t\t<\/div>\n\t\t<\/div>\n\t\t\t\t\t\t\t<\/div>\n\t\t<\/section>\n\t\t\t\t\t\t\t<\/div>","protected":false},"excerpt":{"rendered":"<p>Achitarea Alege produsul dorit, adaug\u0103-l \u00een co\u0219, apoi alege modalitatea de plat\u0103: achitare cu card bancar, \u00een numerar sau la<\/p>","protected":false},"author":5,"featured_media":0,"parent":0,"menu_order":0,"comment_status":"closed","ping_status":"closed","template":"","meta":{"footnotes":""},"class_list":["post-25","page","type-page","status-publish","hentry"],"acf":[],"_links":{"self":[{"href":"https:\/\/piesecentrale.md\/ru\/wp-json\/wp\/v2\/pages\/25","targetHints":{"allow":["GET"]}}],"collection":[{"href":"https:\/\/piesecentrale.md\/ru\/wp-json\/wp\/v2\/pages"}],"about":[{"href":"https:\/\/piesecentrale.md\/ru\/wp-json\/wp\/v2\/types\/page"}],"author":[{"embeddable":true,"href":"https:\/\/piesecentrale.md\/ru\/wp-json\/wp\/v2\/users\/5"}],"replies":[{"embeddable":true,"href":"https:\/\/piesecentrale.md\/ru\/wp-json\/wp\/v2\/comments?post=25"}],"version-history":[{"count":6,"href":"https:\/\/piesecentrale.md\/ru\/wp-json\/wp\/v2\/pages\/25\/revisions"}],"predecessor-version":[{"id":1607,"href":"https:\/\/piesecentrale.md\/ru\/wp-json\/wp\/v2\/pages\/25\/revisions\/1607"}],"wp:attachment":[{"href":"https:\/\/piesecentrale.md\/ru\/wp-json\/wp\/v2\/media?parent=25"}],"curies":[{"name":"wp","href":"https:\/\/api.w.org\/{rel}","templated":true}]}}